{"id":290,"date":"2023-06-05T15:01:41","date_gmt":"2023-06-05T15:01:41","guid":{"rendered":"https:\/\/te5t.xr-motos.com\/?page_id=290"},"modified":"2024-07-17T08:16:49","modified_gmt":"2024-07-17T14:46:49","slug":"como-comprar","status":"publish","type":"page","link":"https:\/\/xr-motos.com\/index.php\/como-comprar\/","title":{"rendered":"Como Comprar ?"},"content":{"rendered":"\t\t<div data-elementor-type=\"wp-page\" data-elementor-id=\"290\" class=\"elementor elementor-290\">\n\t\t\t\t\t\t<section class=\"elementor-section elementor-top-section elementor-element elementor-element-48d97c5f elementor-section-content-middle elementor-section-boxed elementor-section-height-default elementor-section-height-default\" data-id=\"48d97c5f\" data-element_type=\"section\" data-e-type=\"section\">\n\t\t\t\t\t\t<div class=\"elementor-container elementor-column-gap-no\">\n\t\t\t\t\t<div class=\"elementor-column elementor-col-100 elementor-top-column elementor-element elementor-element-7866cc0d\" data-id=\"7866cc0d\" data-element_type=\"column\" data-e-type=\"column\">\n\t\t\t<div class=\"elementor-widget-wrap elementor-element-populated\">\n\t\t\t\t\t\t<div class=\"elementor-element elementor-element-608f030e elementor-widget elementor-widget-heading\" data-id=\"608f030e\" data-element_type=\"widget\" data-e-type=\"widget\" data-widget_type=\"heading.default\">\n\t\t\t\t<div class=\"elementor-widget-container\">\n\t\t\t\t\t<h4 class=\"elementor-heading-title elementor-size-default\">Como Comprar en Xr Motos.<\/h4>\t\t\t\t<\/div>\n\t\t\t\t<\/div>\n\t\t\t\t<div class=\"elementor-element elementor-element-5ec84e49 elementor-widget elementor-widget-heading\" data-id=\"5ec84e49\" data-element_type=\"widget\" data-e-type=\"widget\" data-widget_type=\"heading.default\">\n\t\t\t\t<div class=\"elementor-widget-container\">\n\t\t\t\t\t<h5 class=\"elementor-heading-title elementor-size-default\">Preguntas Frecuentes<\/h5>\t\t\t\t<\/div>\n\t\t\t\t<\/div>\n\t\t\t\t<div class=\"elementor-element elementor-element-7df7d4b7 elementor-widget elementor-widget-toggle\" data-id=\"7df7d4b7\" data-element_type=\"widget\" data-e-type=\"widget\" data-widget_type=\"toggle.default\">\n\t\t\t\t<div class=\"elementor-widget-container\">\n\t\t\t\t\t\t\t<div class=\"elementor-toggle\">\n\t\t\t\t\t\t\t<div class=\"elementor-toggle-item\">\n\t\t\t\t\t<div id=\"elementor-tab-title-2111\" class=\"elementor-tab-title\" data-tab=\"1\" role=\"button\" aria-controls=\"elementor-tab-content-2111\" aria-expanded=\"false\">\n\t\t\t\t\t\t\t\t\t\t\t\t<span class=\"elementor-toggle-icon elementor-toggle-icon-right\" aria-hidden=\"true\">\n\t\t\t\t\t\t\t\t\t\t\t\t\t\t\t<span class=\"elementor-toggle-icon-closed\"><i class=\"fas fa-caret-right\"><\/i><\/span>\n\t\t\t\t\t\t\t\t<span class=\"elementor-toggle-icon-opened\"><i class=\"elementor-toggle-icon-opened fas fa-caret-up\"><\/i><\/span>\n\t\t\t\t\t\t\t\t\t\t\t\t\t<\/span>\n\t\t\t\t\t\t\t\t\t\t\t\t<a class=\"elementor-toggle-title\" tabindex=\"0\">Puedo comprar, sin crear una cuenta ?<\/a>\n\t\t\t\t\t<\/div>\n\n\t\t\t\t\t<div id=\"elementor-tab-content-2111\" class=\"elementor-tab-content elementor-clearfix\" data-tab=\"1\" role=\"region\" aria-labelledby=\"elementor-tab-title-2111\"><p><span style=\"color: #333333;\">Por su puesto, genera tu pedido agregando los productos al carrito, da clic en finalizar compra y llena los datos de envi\u00f3 y contacto que se piden en el formulario, esta informaci\u00f3n nos servir\u00e1 para preparar, confirmar y planificar la entrega de tu pedido.\u00a0<\/span><\/p><p>Guarda el numero de pedido que se genera y para cualquier puedes constatarnos v\u00eda Whatsapp.<\/p><p><span style=\"color: #333333;\"><a href=\"https:\/\/wa.me\/c\/5217772423694\">https:\/\/wa.me\/c\/5217772423694<\/a>\u00a0<\/span><\/p><p>Se te compartir\u00e1n formas de pago por el medio de tu preferencia.\u00a0<\/p><\/div>\n\t\t\t\t<\/div>\n\t\t\t\t\t\t\t<div class=\"elementor-toggle-item\">\n\t\t\t\t\t<div id=\"elementor-tab-title-2112\" class=\"elementor-tab-title\" data-tab=\"2\" role=\"button\" aria-controls=\"elementor-tab-content-2112\" aria-expanded=\"false\">\n\t\t\t\t\t\t\t\t\t\t\t\t<span class=\"elementor-toggle-icon elementor-toggle-icon-right\" aria-hidden=\"true\">\n\t\t\t\t\t\t\t\t\t\t\t\t\t\t\t<span class=\"elementor-toggle-icon-closed\"><i class=\"fas fa-caret-right\"><\/i><\/span>\n\t\t\t\t\t\t\t\t<span class=\"elementor-toggle-icon-opened\"><i class=\"elementor-toggle-icon-opened fas fa-caret-up\"><\/i><\/span>\n\t\t\t\t\t\t\t\t\t\t\t\t\t<\/span>\n\t\t\t\t\t\t\t\t\t\t\t\t<a class=\"elementor-toggle-title\" tabindex=\"0\">Que significa la frase \"Puede Reservarse\".  <\/a>\n\t\t\t\t\t<\/div>\n\n\t\t\t\t\t<div id=\"elementor-tab-content-2112\" class=\"elementor-tab-content elementor-clearfix\" data-tab=\"2\" role=\"region\" aria-labelledby=\"elementor-tab-title-2112\"><p><span style=\"color: #333333;\">Esta leyenda aparecer\u00e1 en productos que se pueden trabajar mediante &#8220;disponibilidad de bodega\/inventario&#8221;, son piezas que si podemos venderte pero por alguna raz\u00f3n pueden tardar un poco mas para la entrega, despu\u00e9s de realizar tu pedido se te confirma disponibilidad y tiempos.<\/span><\/p><p><span style=\"color: #333333;\"><img decoding=\"async\" class=\"alignnone size-medium wp-image-310\" src=\"https:\/\/te5t.xr-motos.com\/wp-content\/uploads\/2023\/06\/FAQ2-300x156.png\" alt=\"\" width=\"300\" height=\"156\" srcset=\"https:\/\/xr-motos.com\/wp-content\/uploads\/2023\/06\/FAQ2-300x156.png 300w, https:\/\/xr-motos.com\/wp-content\/uploads\/2023\/06\/FAQ2-1024x534.png 1024w, https:\/\/xr-motos.com\/wp-content\/uploads\/2023\/06\/FAQ2-768x400.png 768w, https:\/\/xr-motos.com\/wp-content\/uploads\/2023\/06\/FAQ2-1536x800.png 1536w, https:\/\/xr-motos.com\/wp-content\/uploads\/2023\/06\/FAQ2-2048x1067.png 2048w\" sizes=\"(max-width: 300px) 100vw, 300px\" \/><\/span><\/p><p><span style=\"color: #333333;\">De igual forma cuando si tenemos cierta cantidad de productos para entrega inmediata, y tambi\u00e9n la frase (Puede reservarse) si tu lo dispones puedes preguntar por el tiempo de entrega posterior del producto y se programar la entrega para alguna fecha.\u00a0<\/span><\/p><\/div>\n\t\t\t\t<\/div>\n\t\t\t\t\t\t\t<div class=\"elementor-toggle-item\">\n\t\t\t\t\t<div id=\"elementor-tab-title-2113\" class=\"elementor-tab-title\" data-tab=\"3\" role=\"button\" aria-controls=\"elementor-tab-content-2113\" aria-expanded=\"false\">\n\t\t\t\t\t\t\t\t\t\t\t\t<span class=\"elementor-toggle-icon elementor-toggle-icon-right\" aria-hidden=\"true\">\n\t\t\t\t\t\t\t\t\t\t\t\t\t\t\t<span class=\"elementor-toggle-icon-closed\"><i class=\"fas fa-caret-right\"><\/i><\/span>\n\t\t\t\t\t\t\t\t<span class=\"elementor-toggle-icon-opened\"><i class=\"elementor-toggle-icon-opened fas fa-caret-up\"><\/i><\/span>\n\t\t\t\t\t\t\t\t\t\t\t\t\t<\/span>\n\t\t\t\t\t\t\t\t\t\t\t\t<a class=\"elementor-toggle-title\" tabindex=\"0\">Entrega del producto.<\/a>\n\t\t\t\t\t<\/div>\n\n\t\t\t\t\t<div id=\"elementor-tab-content-2113\" class=\"elementor-tab-content elementor-clearfix\" data-tab=\"3\" role=\"region\" aria-labelledby=\"elementor-tab-title-2113\"><p><span style=\"color: #333333;\">Una vez que se te confirme el pedido mediante correo o chat de WhatsApp, se te programara el envi\u00f3, en zonas de Cuernavaca y alrededores la entrega puede ser el mismo d\u00eda o el siguiente d\u00eda contemplando semana de lunes a viernes.<\/span><\/p>\n<p><span style=\"text-decoration: underline; color: #339966;\"><strong>! Env\u00edos Gratis \u00a1<\/strong> <\/span><span style=\"color: #000000;\">en compras que cumplan un m\u00ednimo de $500.<\/span><\/p>\n<p><span style=\"color: #333333;\">Pedidos menores a esta cantidad se agregara un costo de envi\u00f3 en el rango de $15 a $40 dependiendo la zona de entrega.<\/span><\/p>\n<p><span style=\"color: #000000;\">Para env\u00edos fuera de Cuernavaca depender\u00e1 de la paqueter\u00eda y tipo de envi\u00f3 a convenir.&nbsp;<\/span><br><span style=\"color: #000000;\">MexPost para env\u00edos de productos hasta cierta dimensi\u00f3n y que no requieren cuidados por fragilidad o l\u00edquidos. Costos de envi\u00f3 de entre $60 a $150 y con entrega de 5 a 8 d\u00edas h\u00e1biles hasta tu domicilio.&nbsp;<\/span><\/p>\n<p><span style=\"color: #000000;\">Paquetes con l\u00edquidos, caracter\u00edsticas fr\u00e1giles, o excedente de dimensiones se notificara el costo y tiempo estimado despu\u00e9s de haber preparado tu paquete.&nbsp;<\/span><br><span style=\"color: #000000;\">Por el momento no tenemos env\u00edos gratis de forma nacional (pero estamos trabajando en esto).&nbsp;<\/span><\/p>\n<p><\/p><\/div>\n\t\t\t\t<\/div>\n\t\t\t\t\t\t\t<div class=\"elementor-toggle-item\">\n\t\t\t\t\t<div id=\"elementor-tab-title-2114\" class=\"elementor-tab-title\" data-tab=\"4\" role=\"button\" aria-controls=\"elementor-tab-content-2114\" aria-expanded=\"false\">\n\t\t\t\t\t\t\t\t\t\t\t\t<span class=\"elementor-toggle-icon elementor-toggle-icon-right\" aria-hidden=\"true\">\n\t\t\t\t\t\t\t\t\t\t\t\t\t\t\t<span class=\"elementor-toggle-icon-closed\"><i class=\"fas fa-caret-right\"><\/i><\/span>\n\t\t\t\t\t\t\t\t<span class=\"elementor-toggle-icon-opened\"><i class=\"elementor-toggle-icon-opened fas fa-caret-up\"><\/i><\/span>\n\t\t\t\t\t\t\t\t\t\t\t\t\t<\/span>\n\t\t\t\t\t\t\t\t\t\t\t\t<a class=\"elementor-toggle-title\" tabindex=\"0\">Que pasa, si pago el pedido pero alg\u00fan producto no est\u00e1 disponible?<\/a>\n\t\t\t\t\t<\/div>\n\n\t\t\t\t\t<div id=\"elementor-tab-content-2114\" class=\"elementor-tab-content elementor-clearfix\" data-tab=\"4\" role=\"region\" aria-labelledby=\"elementor-tab-title-2114\"><p><span style=\"color: #333333;\">En caso de no poder entregarte alg\u00fan producto lo podemos eliminar directamente desde el pedido ya antes realizado y no contemplarlo en el costo total, en caso de que hayas pagado anticipadamente se te aplicara un reembolso por la cantidad del producto.<\/span><\/p><p><span style=\"color: #333333;\">De igual forma se te notificara seguimiento al respecto para indicarte un tiempo estimado de entrega.\u00a0<\/span><\/p><\/div>\n\t\t\t\t<\/div>\n\t\t\t\t\t\t\t\t<\/div>\n\t\t\t\t\t\t<\/div>\n\t\t\t\t<\/div>\n\t\t\t\t<div class=\"elementor-element elementor-element-5e18ffe elementor-align-center elementor-widget elementor-widget-button\" data-id=\"5e18ffe\" data-element_type=\"widget\" data-e-type=\"widget\" data-widget_type=\"button.default\">\n\t\t\t\t<div class=\"elementor-widget-container\">\n\t\t\t\t\t\t\t\t\t<div class=\"elementor-button-wrapper\">\n\t\t\t\t\t<a class=\"elementor-button elementor-button-link elementor-size-sm\" href=\"https:\/\/wa.me\/c\/5217772423694%20\">\n\t\t\t\t\t\t<span class=\"elementor-button-content-wrapper\">\n\t\t\t\t\t\t\t\t\t<span class=\"elementor-button-text\">Si tienes mas dudas, da clic aqui y escribenos por WhatsApp <\/span>\n\t\t\t\t\t<\/span>\n\t\t\t\t\t<\/a>\n\t\t\t\t<\/div>\n\t\t\t\t\t\t\t\t<\/div>\n\t\t\t\t<\/div>\n\t\t\t\t\t<\/div>\n\t\t<\/div>\n\t\t\t\t\t<\/div>\n\t\t<\/section>\n\t\t\t\t<\/div>\n\t\t","protected":false},"excerpt":{"rendered":"<p>Como Comprar en Xr Motos. Preguntas Frecuentes Puedo comprar, sin crear una cuenta ? Por su puesto, genera tu pedido agregando los productos al carrito, da clic en finalizar compra y llena los datos de envi\u00f3 y contacto que se piden en el formulario, esta informaci\u00f3n nos servir\u00e1 para preparar, confirmar y planificar la entrega [&hellip;]<\/p>\n","protected":false},"author":1,"featured_media":0,"parent":0,"menu_order":0,"comment_status":"closed","ping_status":"closed","template":"","meta":{"site-sidebar-layout":"no-sidebar","site-content-layout":"page-builder","ast-site-content-layout":"","site-content-style":"default","site-sidebar-style":"default","ast-global-header-display":"","ast-banner-title-visibility":"","ast-main-header-display":"","ast-hfb-above-header-display":"","ast-hfb-below-header-display":"","ast-hfb-mobile-header-display":"","site-post-title":"disabled","ast-breadcrumbs-content":"","ast-featured-img":"disabled","footer-sml-layout":"","theme-transparent-header-meta":"","adv-header-id-meta":"","stick-header-meta":"","header-above-stick-meta":"","header-main-stick-meta":"","header-below-stick-meta":"","astra-migrate-meta-layouts":"default","ast-page-background-enabled":"default","ast-page-background-meta":{"desktop":{"background-color":"var(--ast-global-color-4)","background-image":"","background-repeat":"repeat","background-position":"center center","background-size":"auto","background-attachment":"scroll","background-type":"","background-media":"","overlay-type":"","overlay-color":"","overlay-gradient":""},"tablet":{"background-color":"","background-image":"","background-repeat":"repeat","background-position":"center center","background-size":"auto","background-attachment":"scroll","background-type":"","background-media":"","overlay-type":"","overlay-color":"","overlay-gradient":""},"mobile":{"background-color":"","background-image":"","background-repeat":"repeat","background-position":"center center","background-size":"auto","background-attachment":"scroll","background-type":"","background-media":"","overlay-type":"","overlay-color":"","overlay-gradient":""}},"ast-content-background-meta":{"desktop":{"background-color":"var(--ast-global-color-5)","background-image":"","background-repeat":"repeat","background-position":"center center","background-size":"auto","background-attachment":"scroll","background-type":"","background-media":"","overlay-type":"","overlay-color":"","overlay-gradient":""},"tablet":{"background-color":"var(--ast-global-color-5)","background-image":"","background-repeat":"repeat","background-position":"center center","background-size":"auto","background-attachment":"scroll","background-type":"","background-media":"","overlay-type":"","overlay-color":"","overlay-gradient":""},"mobile":{"background-color":"var(--ast-global-color-5)","background-image":"","background-repeat":"repeat","background-position":"center center","background-size":"auto","background-attachment":"scroll","background-type":"","background-media":"","overlay-type":"","overlay-color":"","overlay-gradient":""}},"footnotes":""},"class_list":["post-290","page","type-page","status-publish","hentry"],"_links":{"self":[{"href":"https:\/\/xr-motos.com\/index.php\/wp-json\/wp\/v2\/pages\/290","targetHints":{"allow":["GET"]}}],"collection":[{"href":"https:\/\/xr-motos.com\/index.php\/wp-json\/wp\/v2\/pages"}],"about":[{"href":"https:\/\/xr-motos.com\/index.php\/wp-json\/wp\/v2\/types\/page"}],"author":[{"embeddable":true,"href":"https:\/\/xr-motos.com\/index.php\/wp-json\/wp\/v2\/users\/1"}],"replies":[{"embeddable":true,"href":"https:\/\/xr-motos.com\/index.php\/wp-json\/wp\/v2\/comments?post=290"}],"version-history":[{"count":34,"href":"https:\/\/xr-motos.com\/index.php\/wp-json\/wp\/v2\/pages\/290\/revisions"}],"predecessor-version":[{"id":1480,"href":"https:\/\/xr-motos.com\/index.php\/wp-json\/wp\/v2\/pages\/290\/revisions\/1480"}],"wp:attachment":[{"href":"https:\/\/xr-motos.com\/index.php\/wp-json\/wp\/v2\/media?parent=290"}],"curies":[{"name":"wp","href":"https:\/\/api.w.org\/{rel}","templated":true}]}}