{"id":429,"date":"2023-06-13T23:06:06","date_gmt":"2023-06-14T05:06:06","guid":{"rendered":"https:\/\/xr-motos.com\/?page_id=429"},"modified":"2023-06-27T19:24:45","modified_gmt":"2023-06-28T01:24:45","slug":"adds-de-productos","status":"publish","type":"page","link":"https:\/\/xr-motos.com\/index.php\/adds-de-productos\/","title":{"rendered":"Cosas de Biker\u00b4s"},"content":{"rendered":"\t\t<div data-elementor-type=\"wp-page\" data-elementor-id=\"429\" class=\"elementor elementor-429\">\n\t\t\t\t\t\t<section class=\"elementor-section elementor-top-section elementor-element elementor-element-c678227 elementor-section-content-middle elementor-section-boxed elementor-section-height-default elementor-section-height-default\" data-id=\"c678227\" data-element_type=\"section\" data-e-type=\"section\">\n\t\t\t\t\t\t<div class=\"elementor-container elementor-column-gap-no\">\n\t\t\t\t\t<div class=\"elementor-column elementor-col-100 elementor-top-column elementor-element elementor-element-9a4b892\" data-id=\"9a4b892\" data-element_type=\"column\" data-e-type=\"column\">\n\t\t\t<div class=\"elementor-widget-wrap elementor-element-populated\">\n\t\t\t\t\t\t<div class=\"elementor-element elementor-element-03cfeab elementor-widget elementor-widget-heading\" data-id=\"03cfeab\" data-element_type=\"widget\" data-e-type=\"widget\" data-widget_type=\"heading.default\">\n\t\t\t\t<div class=\"elementor-widget-container\">\n\t\t\t\t\t<h4 class=\"elementor-heading-title elementor-size-default\">Tipos de rines.\nAspas \/ Rin de rayos.<\/h4>\t\t\t\t<\/div>\n\t\t\t\t<\/div>\n\t\t\t\t<div class=\"elementor-element elementor-element-0928712 elementor-widget__width-initial elementor-widget elementor-widget-text-editor\" data-id=\"0928712\" data-element_type=\"widget\" data-e-type=\"widget\" data-widget_type=\"text-editor.default\">\n\t\t\t\t<div class=\"elementor-widget-container\">\n\t\t\t\t\t\t\t\t\t<p style=\"font-size: 18px; font-style: normal; font-weight: 300; margin-bottom: 1.6em; text-align: start;\">Para saber si el rin de tu moto es de Aspas \/ Rin Forjado, o se trata de un rin de rayos solo tienes que observar con cuidado tu moto.\u00a0<\/p><p style=\"font-size: 18px; font-style: normal; font-weight: 300; margin-bottom: 1.6em; text-align: start;\">La dominar 250 (1) cuenta con rines de Aspas o Forjados y la numero 2 XTZ cuenta con Rines de Rayos.\u00a0<\/p><p style=\"font-size: 18px; font-style: normal; font-weight: 300; margin-bottom: 1.6em; text-align: start;\">Su principal diferencia es que los rines de rayos requieren del uso de c\u00e1maras, de igual forma la nomenclatura que encontraras en el neum\u00e1tico ser\u00e1 en Pulgadas (2.75), mientras que los neum\u00e1ticos para rines de Aspas en su mayor\u00eda se expresa en mil\u00edmetros (90\/90).\u00a0<br \/>1 = Rin de Aspas\u00a0 \u00a0 \u00a0 .:.\u00a0 \u00a0 \u00a02 = Rin de rayos.<\/p>\t\t\t\t\t\t\t\t<\/div>\n\t\t\t\t<\/div>\n\t\t\t\t<div class=\"elementor-element elementor-element-5a40daa elementor-widget elementor-widget-image\" data-id=\"5a40daa\" data-element_type=\"widget\" data-e-type=\"widget\" data-widget_type=\"image.default\">\n\t\t\t\t<div class=\"elementor-widget-container\">\n\t\t\t\t\t\t\t\t\t\t\t\t\t\t\t<img fetchpriority=\"high\" decoding=\"async\" width=\"300\" height=\"300\" src=\"https:\/\/xr-motos.com\/wp-content\/uploads\/2023\/06\/rines-300x300.jpg\" class=\"attachment-woocommerce_single size-woocommerce_single wp-image-436\" alt=\"\" srcset=\"https:\/\/xr-motos.com\/wp-content\/uploads\/2023\/06\/rines-300x300.jpg 300w, https:\/\/xr-motos.com\/wp-content\/uploads\/2023\/06\/rines-100x100.jpg 100w, https:\/\/xr-motos.com\/wp-content\/uploads\/2023\/06\/rines-150x150.jpg 150w, https:\/\/xr-motos.com\/wp-content\/uploads\/2023\/06\/rines-768x768.jpg 768w, https:\/\/xr-motos.com\/wp-content\/uploads\/2023\/06\/rines.jpg 900w\" sizes=\"(max-width: 300px) 100vw, 300px\" \/>\t\t\t\t\t\t\t\t\t\t\t\t\t\t\t<\/div>\n\t\t\t\t<\/div>\n\t\t\t\t\t<\/div>\n\t\t<\/div>\n\t\t\t\t\t<\/div>\n\t\t<\/section>\n\t\t\t\t<section class=\"elementor-section elementor-top-section elementor-element elementor-element-016791a elementor-section-content-middle elementor-section-boxed elementor-section-height-default elementor-section-height-default\" data-id=\"016791a\" data-element_type=\"section\" data-e-type=\"section\">\n\t\t\t\t\t\t<div class=\"elementor-container elementor-column-gap-no\">\n\t\t\t\t\t<div class=\"elementor-column elementor-col-100 elementor-top-column elementor-element elementor-element-68f1f93\" data-id=\"68f1f93\" data-element_type=\"column\" data-e-type=\"column\">\n\t\t\t<div class=\"elementor-widget-wrap elementor-element-populated\">\n\t\t\t\t\t\t<div class=\"elementor-element elementor-element-2c673cf elementor-widget__width-initial elementor-widget elementor-widget-text-editor\" data-id=\"2c673cf\" data-element_type=\"widget\" data-e-type=\"widget\" data-widget_type=\"text-editor.default\">\n\t\t\t\t<div class=\"elementor-widget-container\">\n\t\t\t\t\t\t\t\t\t<p>En la siguiente imagen se expresan 130 mil\u00edmetros de ancho, y\u00a0 70 mil\u00edmetros de altura, el tercer numero, \u201c17\u201d\u00a0 expresa en pulgadas el di\u00e1metro del rin.<\/p><p>El neum\u00e1tico siguiente esta expresando 2.75 pulgadas de ancho. de igual forma\u00a0 es para un rin de 17 pulgadas de di\u00e1metro.<\/p>\t\t\t\t\t\t\t\t<\/div>\n\t\t\t\t<\/div>\n\t\t\t\t<div class=\"elementor-element elementor-element-44be52a elementor-widget elementor-widget-image\" data-id=\"44be52a\" data-element_type=\"widget\" data-e-type=\"widget\" data-widget_type=\"image.default\">\n\t\t\t\t<div class=\"elementor-widget-container\">\n\t\t\t\t\t\t\t\t\t\t\t\t\t\t\t<img decoding=\"async\" width=\"300\" height=\"355\" src=\"https:\/\/xr-motos.com\/wp-content\/uploads\/2023\/06\/panel-corrg-300x355.jpg\" class=\"attachment-woocommerce_single size-woocommerce_single wp-image-548\" alt=\"\" srcset=\"https:\/\/xr-motos.com\/wp-content\/uploads\/2023\/06\/panel-corrg-300x355.jpg 300w, https:\/\/xr-motos.com\/wp-content\/uploads\/2023\/06\/panel-corrg-253x300.jpg 253w, https:\/\/xr-motos.com\/wp-content\/uploads\/2023\/06\/panel-corrg-865x1024.jpg 865w, https:\/\/xr-motos.com\/wp-content\/uploads\/2023\/06\/panel-corrg-768x909.jpg 768w, https:\/\/xr-motos.com\/wp-content\/uploads\/2023\/06\/panel-corrg-1297x1536.jpg 1297w, https:\/\/xr-motos.com\/wp-content\/uploads\/2023\/06\/panel-corrg-1730x2048.jpg 1730w, https:\/\/xr-motos.com\/wp-content\/uploads\/2023\/06\/panel-corrg.jpg 1760w\" sizes=\"(max-width: 300px) 100vw, 300px\" \/>\t\t\t\t\t\t\t\t\t\t\t\t\t\t\t<\/div>\n\t\t\t\t<\/div>\n\t\t\t\t\t<\/div>\n\t\t<\/div>\n\t\t\t\t\t<\/div>\n\t\t<\/section>\n\t\t\t\t<section class=\"elementor-section elementor-top-section elementor-element elementor-element-56ce526 elementor-section-content-middle elementor-section-boxed elementor-section-height-default elementor-section-height-default\" data-id=\"56ce526\" data-element_type=\"section\" data-e-type=\"section\">\n\t\t\t\t\t\t<div class=\"elementor-container elementor-column-gap-no\">\n\t\t\t\t\t<div class=\"elementor-column elementor-col-100 elementor-top-column elementor-element elementor-element-7194609\" data-id=\"7194609\" data-element_type=\"column\" data-e-type=\"column\">\n\t\t\t<div class=\"elementor-widget-wrap elementor-element-populated\">\n\t\t\t\t\t\t<div class=\"elementor-element elementor-element-c49d5dc elementor-widget elementor-widget-heading\" data-id=\"c49d5dc\" data-element_type=\"widget\" data-e-type=\"widget\" data-widget_type=\"heading.default\">\n\t\t\t\t<div class=\"elementor-widget-container\">\n\t\t\t\t\t<h4 class=\"elementor-heading-title elementor-size-default\">Tube Type \/ Tubeless<\/h4>\t\t\t\t<\/div>\n\t\t\t\t<\/div>\n\t\t\t\t<div class=\"elementor-element elementor-element-f85bf29 elementor-widget__width-initial elementor-widget elementor-widget-text-editor\" data-id=\"f85bf29\" data-element_type=\"widget\" data-e-type=\"widget\" data-widget_type=\"text-editor.default\">\n\t\t\t\t<div class=\"elementor-widget-container\">\n\t\t\t\t\t\t\t\t\t<p>Si el neum\u00e1tico de tu moto dice \u201cTube Type\u201d significa que requiere de una c\u00e1mara de aire, en caso de decir \u201cTubeless\u201d el aire infla directamente el neum\u00e1tico ya que se mantiene un \u201csello\u201d ente el rin y el neum\u00e1tico para mantener la presi\u00f3n de aire.\u00a0<br \/><br \/>Existen neum\u00e1ticos que pueden ser utilizados de ambos modos, suelen expresar directamente \u201cTubeless\u201d y agregan alguna leyenda que nos indica que al usarse en un Rin Tube Type recordemos usar siempre la c\u00e1mara de aire entre el Rin y el neum\u00e1tico.\u00a0<\/p>\t\t\t\t\t\t\t\t<\/div>\n\t\t\t\t<\/div>\n\t\t\t\t<div class=\"elementor-element elementor-element-64b0e6b elementor-widget elementor-widget-image\" data-id=\"64b0e6b\" data-element_type=\"widget\" data-e-type=\"widget\" data-widget_type=\"image.default\">\n\t\t\t\t<div class=\"elementor-widget-container\">\n\t\t\t\t\t\t\t\t\t\t\t\t\t\t\t<img decoding=\"async\" width=\"300\" height=\"202\" src=\"https:\/\/xr-motos.com\/wp-content\/uploads\/2023\/06\/tubes-300x202.jpg\" class=\"attachment-woocommerce_single size-woocommerce_single wp-image-459\" alt=\"\" srcset=\"https:\/\/xr-motos.com\/wp-content\/uploads\/2023\/06\/tubes-300x202.jpg 300w, https:\/\/xr-motos.com\/wp-content\/uploads\/2023\/06\/tubes.jpg 579w\" sizes=\"(max-width: 300px) 100vw, 300px\" \/>\t\t\t\t\t\t\t\t\t\t\t\t\t\t\t<\/div>\n\t\t\t\t<\/div>\n\t\t\t\t\t<\/div>\n\t\t<\/div>\n\t\t\t\t\t<\/div>\n\t\t<\/section>\n\t\t\t\t<section class=\"elementor-section elementor-top-section elementor-element elementor-element-10e7dd57 elementor-section-content-middle elementor-section-boxed elementor-section-height-default elementor-section-height-default\" data-id=\"10e7dd57\" data-element_type=\"section\" data-e-type=\"section\">\n\t\t\t\t\t\t<div class=\"elementor-container elementor-column-gap-no\">\n\t\t\t\t\t<div class=\"elementor-column elementor-col-100 elementor-top-column elementor-element elementor-element-24562c6a\" data-id=\"24562c6a\" data-element_type=\"column\" data-e-type=\"column\">\n\t\t\t<div class=\"elementor-widget-wrap elementor-element-populated\">\n\t\t\t\t\t\t<div class=\"elementor-element elementor-element-1f88c862 elementor-widget elementor-widget-heading\" data-id=\"1f88c862\" data-element_type=\"widget\" data-e-type=\"widget\" data-widget_type=\"heading.default\">\n\t\t\t\t<div class=\"elementor-widget-container\">\n\t\t\t\t\t<h4 class=\"elementor-heading-title elementor-size-default\">\u00cdndices de carga y velocidad.<\/h4>\t\t\t\t<\/div>\n\t\t\t\t<\/div>\n\t\t\t\t<div class=\"elementor-element elementor-element-24e249b2 elementor-widget__width-initial elementor-widget elementor-widget-text-editor\" data-id=\"24e249b2\" data-element_type=\"widget\" data-e-type=\"widget\" data-widget_type=\"text-editor.default\">\n\t\t\t\t<div class=\"elementor-widget-container\">\n\t\t\t\t\t\t\t\t\t<p>Los neum\u00e1ticos cuentan con un c\u00f3digo que indica el \u00edndice de carga y velocidad para el cual esta fabricado, si piensas cambiar el neum\u00e1tico que trae tu moto de agencia considera el motivo y uso para el que requieres tu motocicleta, el c\u00f3digo 62P representa lo siguiente,\u00a0 62 = carga y P= velocidad, de acuerdo a las normas establecidas el neum\u00e1tico soporta una carga de 265 kg y una velocidad de 150 Km\/h.\u00a0<\/p><p>Cuando compres un nuevo neum\u00e1tico considera el peso de la moto misma, mas el peso promedio del piloto y pasajero, as\u00ed como la velocidad m\u00e1xima de la motocicleta, lo recomendable es nunca exigir mas all\u00e1 de sus capacidades, pero tener estos valores presentes te ayudaran a sabes los limites de tus neum\u00e1ticos y no tomar riesgos.<br \/>No hay problema en colocarle indices un poco mas altos a los resultados de peso, uso y velocidad promedio antes mencionados.<\/p>\t\t\t\t\t\t\t\t<\/div>\n\t\t\t\t<\/div>\n\t\t\t\t<div class=\"elementor-element elementor-element-edfc58e elementor-widget elementor-widget-image\" data-id=\"edfc58e\" data-element_type=\"widget\" data-e-type=\"widget\" data-widget_type=\"image.default\">\n\t\t\t\t<div class=\"elementor-widget-container\">\n\t\t\t\t\t\t\t\t\t\t\t\t\t\t\t<img loading=\"lazy\" decoding=\"async\" width=\"789\" height=\"1024\" src=\"https:\/\/xr-motos.com\/wp-content\/uploads\/2023\/06\/indices-ejem-789x1024.jpg\" class=\"attachment-large size-large wp-image-544\" alt=\"\" srcset=\"https:\/\/xr-motos.com\/wp-content\/uploads\/2023\/06\/indices-ejem-789x1024.jpg 789w, https:\/\/xr-motos.com\/wp-content\/uploads\/2023\/06\/indices-ejem-scaled-300x389.jpg 300w, https:\/\/xr-motos.com\/wp-content\/uploads\/2023\/06\/indices-ejem-231x300.jpg 231w, https:\/\/xr-motos.com\/wp-content\/uploads\/2023\/06\/indices-ejem-768x996.jpg 768w, https:\/\/xr-motos.com\/wp-content\/uploads\/2023\/06\/indices-ejem-1184x1536.jpg 1184w, https:\/\/xr-motos.com\/wp-content\/uploads\/2023\/06\/indices-ejem-1579x2048.jpg 1579w, https:\/\/xr-motos.com\/wp-content\/uploads\/2023\/06\/indices-ejem-scaled.jpg 1973w\" sizes=\"(max-width: 789px) 100vw, 789px\" \/>\t\t\t\t\t\t\t\t\t\t\t\t\t\t\t<\/div>\n\t\t\t\t<\/div>\n\t\t\t\t\t<\/div>\n\t\t<\/div>\n\t\t\t\t\t<\/div>\n\t\t<\/section>\n\t\t\t\t<section class=\"elementor-section elementor-top-section elementor-element elementor-element-d3859d9 elementor-section-content-middle elementor-section-boxed elementor-section-height-default elementor-section-height-default\" data-id=\"d3859d9\" data-element_type=\"section\" data-e-type=\"section\">\n\t\t\t\t\t\t<div class=\"elementor-container elementor-column-gap-no\">\n\t\t\t\t\t<div class=\"elementor-column elementor-col-100 elementor-top-column elementor-element elementor-element-c9f0b60\" data-id=\"c9f0b60\" data-element_type=\"column\" data-e-type=\"column\">\n\t\t\t<div class=\"elementor-widget-wrap elementor-element-populated\">\n\t\t\t\t\t\t<div class=\"elementor-element elementor-element-48628ea elementor-widget elementor-widget-heading\" data-id=\"48628ea\" data-element_type=\"widget\" data-e-type=\"widget\" data-widget_type=\"heading.default\">\n\t\t\t\t<div class=\"elementor-widget-container\">\n\t\t\t\t\t<h4 class=\"elementor-heading-title elementor-size-default\">Tablas y compatibilidades. <\/h4>\t\t\t\t<\/div>\n\t\t\t\t<\/div>\n\t\t\t\t<div class=\"elementor-element elementor-element-4711238 elementor-widget__width-initial elementor-widget elementor-widget-text-editor\" data-id=\"4711238\" data-element_type=\"widget\" data-e-type=\"widget\" data-widget_type=\"text-editor.default\">\n\t\t\t\t<div class=\"elementor-widget-container\">\n\t\t\t\t\t\t\t\t\t<p>Existen compatibilidades ente neum\u00e1ticos que podr\u00edan sacarte de alg\u00fan apuro, sin embargo todo rin de rayos requiere del uso de una c\u00e1mara, y solo neum\u00e1ticos con nomenclatura milim\u00e9trica cuenta con la capacidad de crear el sello entre el rin y la goma para evitar que se escape el aire, si colocas un neum\u00e1tico 130\/90 17 en un rin 17 de rayos, requiere c\u00e1mara, si colocas un neum\u00e1tico 2.75 r17 en un rin de aspas, al no poder crear el sello, tambi\u00e9n requiere c\u00e1mara.\u00a0<\/p>\t\t\t\t\t\t\t\t<\/div>\n\t\t\t\t<\/div>\n\t\t\t\t<div class=\"elementor-element elementor-element-b4889d7 elementor-widget elementor-widget-image\" data-id=\"b4889d7\" data-element_type=\"widget\" data-e-type=\"widget\" data-widget_type=\"image.default\">\n\t\t\t\t<div class=\"elementor-widget-container\">\n\t\t\t\t\t\t\t\t\t\t\t\t\t\t\t<img loading=\"lazy\" decoding=\"async\" width=\"499\" height=\"1024\" src=\"https:\/\/xr-motos.com\/wp-content\/uploads\/2023\/06\/tablas-imag-499x1024.jpg\" class=\"attachment-large size-large wp-image-496\" alt=\"\" srcset=\"https:\/\/xr-motos.com\/wp-content\/uploads\/2023\/06\/tablas-imag-499x1024.jpg 499w, https:\/\/xr-motos.com\/wp-content\/uploads\/2023\/06\/tablas-imag-scaled-300x616.jpg 300w, https:\/\/xr-motos.com\/wp-content\/uploads\/2023\/06\/tablas-imag-146x300.jpg 146w, https:\/\/xr-motos.com\/wp-content\/uploads\/2023\/06\/tablas-imag-768x1577.jpg 768w, https:\/\/xr-motos.com\/wp-content\/uploads\/2023\/06\/tablas-imag-748x1536.jpg 748w, https:\/\/xr-motos.com\/wp-content\/uploads\/2023\/06\/tablas-imag-997x2048.jpg 997w, https:\/\/xr-motos.com\/wp-content\/uploads\/2023\/06\/tablas-imag-scaled.jpg 1246w\" sizes=\"(max-width: 499px) 100vw, 499px\" \/>\t\t\t\t\t\t\t\t\t\t\t\t\t\t\t<\/div>\n\t\t\t\t<\/div>\n\t\t\t\t\t<\/div>\n\t\t<\/div>\n\t\t\t\t\t<\/div>\n\t\t<\/section>\n\t\t\t\t<\/div>\n\t\t","protected":false},"excerpt":{"rendered":"<p>Tipos de rines. Aspas \/ Rin de rayos. Para saber si el rin de tu moto es de Aspas \/ Rin Forjado, o se trata de un rin de rayos solo tienes que observar con cuidado tu moto.\u00a0 La dominar 250 (1) cuenta con rines de Aspas o Forjados y la numero 2 XTZ cuenta [&hellip;]<\/p>\n","protected":false},"author":1,"featured_media":0,"parent":0,"menu_order":0,"comment_status":"closed","ping_status":"closed","template":"","meta":{"site-sidebar-layout":"no-sidebar","site-content-layout":"page-builder","ast-site-content-layout":"","site-content-style":"default","site-sidebar-style":"default","ast-global-header-display":"","ast-banner-title-visibility":"","ast-main-header-display":"","ast-hfb-above-header-display":"","ast-hfb-below-header-display":"","ast-hfb-mobile-header-display":"","site-post-title":"","ast-breadcrumbs-content":"","ast-featured-img":"disabled","footer-sml-layout":"","theme-transparent-header-meta":"","adv-header-id-meta":"","stick-header-meta":"","header-above-stick-meta":"","header-main-stick-meta":"","header-below-stick-meta":"","astra-migrate-meta-layouts":"default","ast-page-background-enabled":"default","ast-page-background-meta":{"desktop":{"background-color":"var(--ast-global-color-4)","background-image":"","background-repeat":"repeat","background-position":"center center","background-size":"auto","background-attachment":"scroll","background-type":"","background-media":"","overlay-type":"","overlay-color":"","overlay-gradient":""},"tablet":{"background-color":"","background-image":"","background-repeat":"repeat","background-position":"center center","background-size":"auto","background-attachment":"scroll","background-type":"","background-media":"","overlay-type":"","overlay-color":"","overlay-gradient":""},"mobile":{"background-color":"","background-image":"","background-repeat":"repeat","background-position":"center center","background-size":"auto","background-attachment":"scroll","background-type":"","background-media":"","overlay-type":"","overlay-color":"","overlay-gradient":""}},"ast-content-background-meta":{"desktop":{"background-color":"var(--ast-global-color-5)","background-image":"","background-repeat":"repeat","background-position":"center center","background-size":"auto","background-attachment":"scroll","background-type":"","background-media":"","overlay-type":"","overlay-color":"","overlay-gradient":""},"tablet":{"background-color":"var(--ast-global-color-5)","background-image":"","background-repeat":"repeat","background-position":"center center","background-size":"auto","background-attachment":"scroll","background-type":"","background-media":"","overlay-type":"","overlay-color":"","overlay-gradient":""},"mobile":{"background-color":"var(--ast-global-color-5)","background-image":"","background-repeat":"repeat","background-position":"center center","background-size":"auto","background-attachment":"scroll","background-type":"","background-media":"","overlay-type":"","overlay-color":"","overlay-gradient":""}},"footnotes":""},"class_list":["post-429","page","type-page","status-publish","hentry"],"_links":{"self":[{"href":"https:\/\/xr-motos.com\/index.php\/wp-json\/wp\/v2\/pages\/429","targetHints":{"allow":["GET"]}}],"collection":[{"href":"https:\/\/xr-motos.com\/index.php\/wp-json\/wp\/v2\/pages"}],"about":[{"href":"https:\/\/xr-motos.com\/index.php\/wp-json\/wp\/v2\/types\/page"}],"author":[{"embeddable":true,"href":"https:\/\/xr-motos.com\/index.php\/wp-json\/wp\/v2\/users\/1"}],"replies":[{"embeddable":true,"href":"https:\/\/xr-motos.com\/index.php\/wp-json\/wp\/v2\/comments?post=429"}],"version-history":[{"count":81,"href":"https:\/\/xr-motos.com\/index.php\/wp-json\/wp\/v2\/pages\/429\/revisions"}],"predecessor-version":[{"id":571,"href":"https:\/\/xr-motos.com\/index.php\/wp-json\/wp\/v2\/pages\/429\/revisions\/571"}],"wp:attachment":[{"href":"https:\/\/xr-motos.com\/index.php\/wp-json\/wp\/v2\/media?parent=429"}],"curies":[{"name":"wp","href":"https:\/\/api.w.org\/{rel}","templated":true}]}}